{"id":1467,"date":"2026-03-16T11:59:05","date_gmt":"2026-03-16T10:59:05","guid":{"rendered":"https:\/\/domainedelamance.fr\/?page_id=1467"},"modified":"2026-04-14T10:48:11","modified_gmt":"2026-04-14T08:48:11","slug":"ungewohnliche-wohnwagen-haute-saone","status":"publish","type":"page","link":"https:\/\/domainedelamance.fr\/de\/roulotte-insolite-haute-saone\/","title":{"rendered":"Der Wohnwagen"},"content":{"rendered":"<div data-elementor-type=\"wp-page\" data-elementor-id=\"1467\" class=\"elementor elementor-1467\" data-elementor-post-type=\"page\">\n\t\t\t\t<div class=\"elementor-element elementor-element-f02777f e-flex e-con-boxed e-con e-parent\" data-id=\"f02777f\" data-element_type=\"container\" data-e-type=\"container\" data-settings=\"{&quot;background_background&quot;:&quot;classic&quot;}\">\n\t\t\t\t\t<div class=\"e-con-inner\">\n\t\t\t\t<div class=\"elementor-element elementor-element-5ea16fbf elementor-widget elementor-widget-heading\" data-id=\"5ea16fbf\" data-element_type=\"widget\" data-e-type=\"widget\" data-widget_type=\"heading.default\">\n\t\t\t\t\t<h1 class=\"elementor-heading-title elementor-size-default\">In einem Wohnwagen in der Haute-Sa\u00f4ne schlafen<\/h1>\t\t\t\t<\/div>\n\t\t\t\t<div class=\"elementor-element elementor-element-3f48157 elementor-widget elementor-widget-image\" data-id=\"3f48157\" data-element_type=\"widget\" data-e-type=\"widget\" data-widget_type=\"image.default\">\n\t\t\t\t\t\t\t\t\t\t\t\t\t\t\t<img fetchpriority=\"high\" decoding=\"async\" width=\"280\" height=\"300\" src=\"https:\/\/domainedelamance.fr\/wp-content\/uploads\/2026\/03\/picto-blanc-280x300.png\" class=\"attachment-medium size-medium wp-image-1291\" alt=\"- Domaine de la Mance\" srcset=\"https:\/\/domainedelamance.fr\/wp-content\/uploads\/2026\/03\/picto-blanc-280x300.png 280w, https:\/\/domainedelamance.fr\/wp-content\/uploads\/2026\/03\/picto-blanc-scaled-600x644.png 600w, https:\/\/domainedelamance.fr\/wp-content\/uploads\/2026\/03\/picto-blanc-954x1024.png 954w, https:\/\/domainedelamance.fr\/wp-content\/uploads\/2026\/03\/picto-blanc-768x824.png 768w\" sizes=\"(max-width: 280px) 100vw, 280px\" title=\"- Domaine de la Mance\">\t\t\t\t\t\t\t\t\t\t\t\t\t\t\t<\/div>\n\t\t\t\t<div class=\"elementor-element elementor-element-27c0ea1 elementor-widget elementor-widget-text-editor\" data-id=\"27c0ea1\" data-element_type=\"widget\" data-e-type=\"widget\" data-widget_type=\"text-editor.default\">\n\t\t\t\t\t\t\t\t\t<p>proposez-vous une <strong>Ungew\u00f6hnliches Erlebnis im Domaine de la Mance<\/strong> in Ihrem Aufenthalt bei uns <strong>Wohnwagen mit privatem nordischem Bad<\/strong>, im Herzen der Landschaft von <strong>Vitrey-sur-Mance in Haute-Sa\u00f4ne<\/strong>.<\/p>\n<p>Diese atypische Unterkunft kombiniert <strong>Charme, Komfort und Natur<\/strong>, f\u00fcr einen originellen Aufenthalt zu zweit, mit Familie oder Freunden.<\/p>\t\t\t\t\t\t\t\t<\/div>\n\t\t\t\t\t<\/div>\n\t\t\t\t<\/div>\n\t\t<div class=\"elementor-element elementor-element-94c0dce e-flex e-con-boxed e-con e-parent\" data-id=\"94c0dce\" data-element_type=\"container\" data-e-type=\"container\">\n\t\t\t\t\t<div class=\"e-con-inner\">\n\t\t<div class=\"elementor-element elementor-element-bd4f6b6 e-con-full e-flex e-con e-child\" data-id=\"bd4f6b6\" data-element_type=\"container\" data-e-type=\"container\">\n\t\t\t\t<div class=\"elementor-element elementor-element-56e3d05 elementor-widget elementor-widget-shortcode\" data-id=\"56e3d05\" data-element_type=\"widget\" data-e-type=\"widget\" data-widget_type=\"shortcode.default\">\n\t\t\t\t\t\t\t<div class=\"elementor-shortcode\"><\/div>\n\t\t\t\t\t\t<\/div>\n\t\t\t\t<div class=\"elementor-element elementor-element-22bb96f elementor-widget elementor-widget-text-editor\" data-id=\"22bb96f\" data-element_type=\"widget\" data-e-type=\"widget\" data-widget_type=\"text-editor.default\">\n\t\t\t\t\t\t\t\t\t<p><em>Kinder unter 3 Jahren d\u00fcrfen nicht zur Buchung hinzugef\u00fcgt werden.<\/em><br \/><em>Bitte geben Sie nur Kinder im Alter von vollendeten 3 Jahren bis einschlie\u00dflich 18 Jahren an.<\/em><\/p>\t\t\t\t\t\t\t\t<\/div>\n\t\t\t\t<\/div>\n\t\t\t\t<div class=\"elementor-element elementor-element-e82fcfc elementor-widget elementor-widget-shortcode\" data-id=\"e82fcfc\" data-element_type=\"widget\" data-e-type=\"widget\" data-widget_type=\"shortcode.default\">\n\t\t\t\t\t\t\t<div class=\"elementor-shortcode\"><\/div>\n\t\t\t\t\t\t<\/div>\n\t\t\t\t\t<\/div>\n\t\t\t\t<\/div>\n\t\t<div class=\"elementor-element elementor-element-2853f26b e-flex e-con-boxed e-con e-parent\" data-id=\"2853f26b\" data-element_type=\"container\" data-e-type=\"container\">\n\t\t\t\t\t<div class=\"e-con-inner\">\n\t\t\t\t<div class=\"elementor-element elementor-element-d962fad elementor-widget elementor-widget-heading\" data-id=\"d962fad\" data-element_type=\"widget\" data-e-type=\"widget\" data-widget_type=\"heading.default\">\n\t\t\t\t\t<h2 class=\"elementor-heading-title elementor-size-default\">Ein ungew\u00f6hnliches Erlebnis in freier Natur<\/h2>\t\t\t\t<\/div>\n\t\t\t\t<div class=\"elementor-element elementor-element-7d6ebcc elementor-widget elementor-widget-text-editor\" data-id=\"7d6ebcc\" data-element_type=\"widget\" data-e-type=\"widget\" data-widget_type=\"text-editor.default\">\n\t\t\t\t\t\t\t\t\t<p>Der Wohnwagen <strong>Domaine de la Mance<\/strong> ist eine einzigartige Unterkunft, die einen anderen Aufenthalt mitten in der Natur erm\u00f6glicht.<\/p>\n<p>In einer ruhigen und gr\u00fcnen Umgebung gelegen, bietet sie allen Komfort, den Sie f\u00fcr einen unvergesslichen Aufenthalt ben\u00f6tigen.<\/p>\n<p><strong>Ideal f\u00fcr einen romantischen Ausflug, ein erholsames Wochenende oder eine ungew\u00f6hnliche Nacht in der Haute-Sa\u00f4ne.<\/strong><\/p>\t\t\t\t\t\t\t\t<\/div>\n\t\t\t\t\t<\/div>\n\t\t\t\t<\/div>\n\t\t<div class=\"elementor-element elementor-element-63f0956 e-flex e-con-boxed e-con e-parent\" data-id=\"63f0956\" data-element_type=\"container\" data-e-type=\"container\">\n\t\t\t\t\t<div class=\"e-con-inner\">\n\t\t\t\t<div class=\"elementor-element elementor-element-9eb5f5e elementor-widget elementor-widget-heading\" data-id=\"9eb5f5e\" data-element_type=\"widget\" data-e-type=\"widget\" data-widget_type=\"heading.default\">\n\t\t\t\t\t<h2 class=\"elementor-heading-title elementor-size-default\">Beschreibung des Wohnwagens<\/h2>\t\t\t\t<\/div>\n\t\t<div class=\"elementor-element elementor-element-d940642 e-grid e-con-full e-con e-child\" data-id=\"d940642\" data-element_type=\"container\" data-e-type=\"container\">\n\t\t<div class=\"elementor-element elementor-element-92c1508 e-con-full e-flex e-con e-child\" data-id=\"92c1508\" data-element_type=\"container\" data-e-type=\"container\" data-settings=\"{&quot;background_background&quot;:&quot;classic&quot;}\">\n\t\t\t\t<div class=\"elementor-element elementor-element-1b7e85f elementor-widget elementor-widget-heading\" data-id=\"1b7e85f\" data-element_type=\"widget\" data-e-type=\"widget\" data-widget_type=\"heading.default\">\n\t\t\t\t\t<h3 class=\"elementor-heading-title elementor-size-default\">Typ<\/h3>\t\t\t\t<\/div>\n\t\t\t\t<div class=\"elementor-element elementor-element-edb5715 elementor-widget elementor-widget-text-editor\" data-id=\"edb5715\" data-element_type=\"widget\" data-e-type=\"widget\" data-widget_type=\"text-editor.default\">\n\t\t\t\t\t\t\t\t\t<p>Ausgefallene Unterkunft<\/p>\t\t\t\t\t\t\t\t<\/div>\n\t\t\t\t<\/div>\n\t\t<div class=\"elementor-element elementor-element-6089772 e-con-full e-flex e-con e-child\" data-id=\"6089772\" data-element_type=\"container\" data-e-type=\"container\" data-settings=\"{&quot;background_background&quot;:&quot;classic&quot;}\">\n\t\t\t\t<div class=\"elementor-element elementor-element-2f27617 elementor-widget elementor-widget-heading\" data-id=\"2f27617\" data-element_type=\"widget\" data-e-type=\"widget\" data-widget_type=\"heading.default\">\n\t\t\t\t\t<h3 class=\"elementor-heading-title elementor-size-default\">Kapazit\u00e4t<\/h3>\t\t\t\t<\/div>\n\t\t\t\t<div class=\"elementor-element elementor-element-59e3872 elementor-widget elementor-widget-text-editor\" data-id=\"59e3872\" data-element_type=\"widget\" data-e-type=\"widget\" data-widget_type=\"text-editor.default\">\n\t\t\t\t\t\t\t\t\t<p>1 bis 4 Personen<\/p>\t\t\t\t\t\t\t\t<\/div>\n\t\t\t\t<\/div>\n\t\t<div class=\"elementor-element elementor-element-689e267 e-con-full e-flex e-con e-child\" data-id=\"689e267\" data-element_type=\"container\" data-e-type=\"container\" data-settings=\"{&quot;background_background&quot;:&quot;classic&quot;}\">\n\t\t\t\t<div class=\"elementor-element elementor-element-114371c elementor-widget elementor-widget-heading\" data-id=\"114371c\" data-element_type=\"widget\" data-e-type=\"widget\" data-widget_type=\"heading.default\">\n\t\t\t\t\t<h3 class=\"elementor-heading-title elementor-size-default\">Au\u00dfenbereich<\/h3>\t\t\t\t<\/div>\n\t\t\t\t<div class=\"elementor-element elementor-element-9cacf9d elementor-widget elementor-widget-text-editor\" data-id=\"9cacf9d\" data-element_type=\"widget\" data-e-type=\"widget\" data-widget_type=\"text-editor.default\">\n\t\t\t\t\t\t\t\t\t<p>Terrasse und privates Nordik-Bad<\/p>\t\t\t\t\t\t\t\t<\/div>\n\t\t\t\t<\/div>\n\t\t<div class=\"elementor-element elementor-element-624dd76 e-con-full e-flex e-con e-child\" data-id=\"624dd76\" data-element_type=\"container\" data-e-type=\"container\" data-settings=\"{&quot;background_background&quot;:&quot;classic&quot;}\">\n\t\t\t\t<div class=\"elementor-element elementor-element-e949cdd elementor-widget elementor-widget-heading\" data-id=\"e949cdd\" data-element_type=\"widget\" data-e-type=\"widget\" data-widget_type=\"heading.default\">\n\t\t\t\t\t<h3 class=\"elementor-heading-title elementor-size-default\">Service inklusive<\/h3>\t\t\t\t<\/div>\n\t\t\t\t<div class=\"elementor-element elementor-element-65042bc elementor-widget elementor-widget-text-editor\" data-id=\"65042bc\" data-element_type=\"widget\" data-e-type=\"widget\" data-widget_type=\"text-editor.default\">\n\t\t\t\t\t\t\t\t\t<p>Fr\u00fchst\u00fcck<\/p>\t\t\t\t\t\t\t\t<\/div>\n\t\t\t\t<\/div>\n\t\t\t\t<\/div>\n\t\t\t\t<div class=\"elementor-element elementor-element-5c61036 elementor-widget elementor-widget-text-editor\" data-id=\"5c61036\" data-element_type=\"widget\" data-e-type=\"widget\" data-widget_type=\"text-editor.default\">\n\t\t\t\t\t\t\t\t\t<p>Der Wohnwagen bietet einen komfortablen und warmen Raum, der perfekt f\u00fcr einen angenehmen Aufenthalt eingerichtet ist.<\/p><p>Sie verf\u00fcgt \u00fcber:<br \/>\u2013 eines bequemen Schlafplatzes<br \/>\u2013 einer Sitzecke<br \/>\u2013 in einer ruhigen und nat\u00fcrlichen Umgebung<br \/>\u2013 von einem <strong>Holzbeheiztes privates Nordisches Bad<\/strong><\/p>\t\t\t\t\t\t\t\t<\/div>\n\t\t\t\t\t<\/div>\n\t\t\t\t<\/div>\n\t\t<div class=\"elementor-element elementor-element-b9a639d e-flex e-con-boxed e-con e-parent\" data-id=\"b9a639d\" data-element_type=\"container\" data-e-type=\"container\">\n\t\t\t\t\t<div class=\"e-con-inner\">\n\t\t\t\t<div class=\"elementor-element elementor-element-4fda7ab elementor-widget elementor-widget-heading\" data-id=\"4fda7ab\" data-element_type=\"widget\" data-e-type=\"widget\" data-widget_type=\"heading.default\">\n\t\t\t\t\t<h2 class=\"elementor-heading-title elementor-size-default\">Inbegriffene Leistungen<\/h2>\t\t\t\t<\/div>\n\t\t<div class=\"elementor-element elementor-element-7448a66 e-con-full e-flex e-con e-child\" data-id=\"7448a66\" data-element_type=\"container\" data-e-type=\"container\" data-settings=\"{&quot;background_background&quot;:&quot;classic&quot;}\">\n\t\t\t\t<div class=\"elementor-element elementor-element-27d20fc elementor-widget elementor-widget-heading\" data-id=\"27d20fc\" data-element_type=\"widget\" data-e-type=\"widget\" data-widget_type=\"heading.default\">\n\t\t\t\t\t<h3 class=\"elementor-heading-title elementor-size-default\">Der Aufenthalt im Wohnwagen beinhaltet<\/h3>\t\t\t\t<\/div>\n\t\t\t\t<div class=\"elementor-element elementor-element-21b979a elementor-widget elementor-widget-text-editor\" data-id=\"21b979a\" data-element_type=\"widget\" data-e-type=\"widget\" data-widget_type=\"text-editor.default\">\n\t\t\t\t\t\t\t\t\t<p data-start=\"2842\" data-end=\"2877\">\u2013 Fr\u00fchst\u00fcck jeden Morgen geliefert<br \/>\u2013 Bett bei Ankunft vorbereitet<br \/>Handt\u00fccher<br \/>\u2013 Wasser, Strom und Heizung<br \/>\u2013 Endreinigung<\/p>\t\t\t\t\t\t\t\t<\/div>\n\t\t\t\t<\/div>\n\t\t\t\t\t<\/div>\n\t\t\t\t<\/div>\n\t\t<div class=\"elementor-element elementor-element-c226dc8 e-flex e-con-boxed e-con e-parent\" data-id=\"c226dc8\" data-element_type=\"container\" data-e-type=\"container\">\n\t\t\t\t\t<div class=\"e-con-inner\">\n\t\t\t\t<div class=\"elementor-element elementor-element-4f0dab0 elementor-widget elementor-widget-heading\" data-id=\"4f0dab0\" data-element_type=\"widget\" data-e-type=\"widget\" data-widget_type=\"heading.default\">\n\t\t\t\t\t<h2 class=\"elementor-heading-title elementor-size-default\">Entspannung und Wohlbefinden mit der optionalen Nordischen Badewanne<\/h2>\t\t\t\t<\/div>\n\t\t\t\t<div class=\"elementor-element elementor-element-e69a864 elementor-widget elementor-widget-text-editor\" data-id=\"e69a864\" data-element_type=\"widget\" data-e-type=\"widget\" data-widget_type=\"text-editor.default\">\n\t\t\t\t\t\t\t\t\t<p>Wir bieten Ihnen ein einzigartiges Erlebnis mit unserer <strong>Holzbeheizte Nordische Wanne<\/strong>.<\/p>\n<p>Stellen Sie sich vor, Sie tauchen in warmes Wasser <strong>37 bis 39\u00b0C<\/strong>, unter einem Sternenhimmel, umgeben von der Ruhe der Natur.<\/p>\n<p>Das nordische Bad bietet viele Vorteile:<br>\u2013 tiefe Entspannung<br>Kreislaufanregung<br>-Entgiftung<br>Schlafverbesserung<\/p>\n<p><strong>Ein Moment des Wohlbefindens, ideal nach einem Tag voller Spazierg\u00e4nge in der Haute-Sa\u00f4ne.<\/strong><\/p>\n<p><span style=\"font-weight: bolder;\">Optionale Nordische Badewanne:&nbsp;<\/span>60 \u20ac die erste Nacht, dann 30 \u20ac pro zus\u00e4tzliche Nacht (Whirlpool bei Ankunft und Badem\u00e4ntel inklusive)<\/p>\t\t\t\t\t\t\t\t<\/div>\n\t\t\t\t\t<\/div>\n\t\t\t\t<\/div>\n\t\t<div class=\"elementor-element elementor-element-bf36d1e e-flex e-con-boxed e-con e-parent\" data-id=\"bf36d1e\" data-element_type=\"container\" data-e-type=\"container\" data-settings=\"{&quot;background_background&quot;:&quot;classic&quot;}\">\n\t\t\t\t\t<div class=\"e-con-inner\">\n\t\t\t\t<div class=\"elementor-element elementor-element-513eb72 elementor-widget elementor-widget-heading\" data-id=\"513eb72\" data-element_type=\"widget\" data-e-type=\"widget\" data-widget_type=\"heading.default\">\n\t\t\t\t\t<h2 class=\"elementor-heading-title elementor-size-default\">Praktische Informationen<\/h2>\t\t\t\t<\/div>\n\t\t\t\t<div class=\"elementor-element elementor-element-3ef7696 elementor-widget elementor-widget-text-editor\" data-id=\"3ef7696\" data-element_type=\"widget\" data-e-type=\"widget\" data-widget_type=\"text-editor.default\">\n\t\t\t\t\t\t\t\t\t<p>Ankunft <strong>ab 17 Uhr<\/strong><\/p>\n<p>Abfahrt: <strong>vor 11 Uhr<\/strong><\/p>\n<p>Unterkunft<br>\u2013 Nichtraucher<br>kostenlose Parkpl\u00e4tze vor Ort<br>\u2013 M\u00f6glichkeit, ein Babybett hinzuzuf\u00fcgen<\/p>\n<p><b>Tiere nicht erlaubt<\/b><\/p>\t\t\t\t\t\t\t\t<\/div>\n\t\t\t\t\t<\/div>\n\t\t\t\t<\/div>\n\t\t<div class=\"elementor-element elementor-element-b47cafa e-flex e-con-boxed e-con e-parent\" data-id=\"b47cafa\" data-element_type=\"container\" data-e-type=\"container\">\n\t\t\t\t\t<div class=\"e-con-inner\">\n\t\t\t\t<div class=\"elementor-element elementor-element-f66da64 elementor-widget elementor-widget-heading\" data-id=\"f66da64\" data-element_type=\"widget\" data-e-type=\"widget\" data-widget_type=\"heading.default\">\n\t\t\t\t\t<h2 class=\"elementor-heading-title elementor-size-default\">Fotos vom Wohnwagen<\/h2>\t\t\t\t<\/div>\n\t\t\t\t<div class=\"elementor-element elementor-element-8d7f615 elementor-widget elementor-widget-gallery\" data-id=\"8d7f615\" data-element_type=\"widget\" data-e-type=\"widget\" data-settings=\"{&quot;columns&quot;:5,&quot;lazyload&quot;:&quot;yes&quot;,&quot;gallery_layout&quot;:&quot;grid&quot;,&quot;columns_tablet&quot;:2,&quot;columns_mobile&quot;:1,&quot;gap&quot;:{&quot;unit&quot;:&quot;px&quot;,&quot;size&quot;:10,&quot;sizes&quot;:[]},&quot;gap_tablet&quot;:{&quot;unit&quot;:&quot;px&quot;,&quot;size&quot;:10,&quot;sizes&quot;:[]},&quot;gap_mobile&quot;:{&quot;unit&quot;:&quot;px&quot;,&quot;size&quot;:10,&quot;sizes&quot;:[]},&quot;link_to&quot;:&quot;file&quot;,&quot;aspect_ratio&quot;:&quot;3:2&quot;,&quot;overlay_background&quot;:&quot;yes&quot;,&quot;content_hover_animation&quot;:&quot;fade-in&quot;}\" data-widget_type=\"gallery.default\">\n\t\t\t\t\t\t\t<div class=\"elementor-gallery__container\">\n\t\t\t\t\t\t\t<a class=\"e-gallery-item elementor-gallery-item elementor-animated-content\" href=\"https:\/\/domainedelamance.fr\/wp-content\/uploads\/2026\/03\/roulotte-1-scaled.jpeg\" data-elementor-open-lightbox=\"yes\" data-elementor-lightbox-slideshow=\"8d7f615\" data-elementor-lightbox-title=\"roulotte (1)\" data-e-action-hash=\"#elementor-action%3Aaction%3Dlightbox%26settings%3DeyJpZCI6MTQ3OCwidXJsIjoiaHR0cHM6XC9cL2RvbWFpbmVkZWxhbWFuY2UuZnJcL3dwLWNvbnRlbnRcL3VwbG9hZHNcLzIwMjZcLzAzXC9yb3Vsb3R0ZS0xLXNjYWxlZC5qcGVnIiwic2xpZGVzaG93IjoiOGQ3ZjYxNSJ9\">\n\t\t\t\t\t<div class=\"e-gallery-image elementor-gallery-item__image\" data-thumbnail=\"https:\/\/domainedelamance.fr\/wp-content\/uploads\/2026\/03\/roulotte-1-225x300.jpeg\" data-width=\"225\" data-height=\"300\" aria-label=\"\" role=\"img\" ><\/div>\n\t\t\t\t\t\t\t\t\t\t\t<div class=\"elementor-gallery-item__overlay\"><\/div>\n\t\t\t\t\t\t\t\t\t\t\t\t\t\t<\/a>\n\t\t\t\t\t\t\t<a class=\"e-gallery-item elementor-gallery-item elementor-animated-content\" href=\"https:\/\/domainedelamance.fr\/wp-content\/uploads\/2026\/03\/roulotte-2-scaled.jpeg\" data-elementor-open-lightbox=\"yes\" data-elementor-lightbox-slideshow=\"8d7f615\" data-elementor-lightbox-title=\"roulotte (2)\" data-e-action-hash=\"#elementor-action%3Aaction%3Dlightbox%26settings%3DeyJpZCI6MTQ3OSwidXJsIjoiaHR0cHM6XC9cL2RvbWFpbmVkZWxhbWFuY2UuZnJcL3dwLWNvbnRlbnRcL3VwbG9hZHNcLzIwMjZcLzAzXC9yb3Vsb3R0ZS0yLXNjYWxlZC5qcGVnIiwic2xpZGVzaG93IjoiOGQ3ZjYxNSJ9\">\n\t\t\t\t\t<div class=\"e-gallery-image elementor-gallery-item__image\" data-thumbnail=\"https:\/\/domainedelamance.fr\/wp-content\/uploads\/2026\/03\/roulotte-2-225x300.jpeg\" data-width=\"225\" data-height=\"300\" aria-label=\"\" role=\"img\" ><\/div>\n\t\t\t\t\t\t\t\t\t\t\t<div class=\"elementor-gallery-item__overlay\"><\/div>\n\t\t\t\t\t\t\t\t\t\t\t\t\t\t<\/a>\n\t\t\t\t\t\t\t<a class=\"e-gallery-item elementor-gallery-item elementor-animated-content\" href=\"https:\/\/domainedelamance.fr\/wp-content\/uploads\/2026\/03\/roulotte-3-scaled.jpeg\" data-elementor-open-lightbox=\"yes\" data-elementor-lightbox-slideshow=\"8d7f615\" data-elementor-lightbox-title=\"roulotte (3)\" data-e-action-hash=\"#elementor-action%3Aaction%3Dlightbox%26settings%3DeyJpZCI6MTQ4MCwidXJsIjoiaHR0cHM6XC9cL2RvbWFpbmVkZWxhbWFuY2UuZnJcL3dwLWNvbnRlbnRcL3VwbG9hZHNcLzIwMjZcLzAzXC9yb3Vsb3R0ZS0zLXNjYWxlZC5qcGVnIiwic2xpZGVzaG93IjoiOGQ3ZjYxNSJ9\">\n\t\t\t\t\t<div class=\"e-gallery-image elementor-gallery-item__image\" data-thumbnail=\"https:\/\/domainedelamance.fr\/wp-content\/uploads\/2026\/03\/roulotte-3-225x300.jpeg\" data-width=\"225\" data-height=\"300\" aria-label=\"\" role=\"img\" ><\/div>\n\t\t\t\t\t\t\t\t\t\t\t<div class=\"elementor-gallery-item__overlay\"><\/div>\n\t\t\t\t\t\t\t\t\t\t\t\t\t\t<\/a>\n\t\t\t\t\t\t\t<a class=\"e-gallery-item elementor-gallery-item elementor-animated-content\" href=\"https:\/\/domainedelamance.fr\/wp-content\/uploads\/2026\/03\/roulotte-4-scaled.jpeg\" data-elementor-open-lightbox=\"yes\" data-elementor-lightbox-slideshow=\"8d7f615\" data-elementor-lightbox-title=\"roulotte (4)\" data-e-action-hash=\"#elementor-action%3Aaction%3Dlightbox%26settings%3DeyJpZCI6MTQ4MSwidXJsIjoiaHR0cHM6XC9cL2RvbWFpbmVkZWxhbWFuY2UuZnJcL3dwLWNvbnRlbnRcL3VwbG9hZHNcLzIwMjZcLzAzXC9yb3Vsb3R0ZS00LXNjYWxlZC5qcGVnIiwic2xpZGVzaG93IjoiOGQ3ZjYxNSJ9\">\n\t\t\t\t\t<div class=\"e-gallery-image elementor-gallery-item__image\" data-thumbnail=\"https:\/\/domainedelamance.fr\/wp-content\/uploads\/2026\/03\/roulotte-4-225x300.jpeg\" data-width=\"225\" data-height=\"300\" aria-label=\"\" role=\"img\" ><\/div>\n\t\t\t\t\t\t\t\t\t\t\t<div class=\"elementor-gallery-item__overlay\"><\/div>\n\t\t\t\t\t\t\t\t\t\t\t\t\t\t<\/a>\n\t\t\t\t\t\t\t<a class=\"e-gallery-item elementor-gallery-item elementor-animated-content\" href=\"https:\/\/domainedelamance.fr\/wp-content\/uploads\/2026\/03\/roulotte-5-scaled.jpeg\" data-elementor-open-lightbox=\"yes\" data-elementor-lightbox-slideshow=\"8d7f615\" data-elementor-lightbox-title=\"roulotte (5)\" data-e-action-hash=\"#elementor-action%3Aaction%3Dlightbox%26settings%3DeyJpZCI6MTQ4MiwidXJsIjoiaHR0cHM6XC9cL2RvbWFpbmVkZWxhbWFuY2UuZnJcL3dwLWNvbnRlbnRcL3VwbG9hZHNcLzIwMjZcLzAzXC9yb3Vsb3R0ZS01LXNjYWxlZC5qcGVnIiwic2xpZGVzaG93IjoiOGQ3ZjYxNSJ9\">\n\t\t\t\t\t<div class=\"e-gallery-image elementor-gallery-item__image\" data-thumbnail=\"https:\/\/domainedelamance.fr\/wp-content\/uploads\/2026\/03\/roulotte-5-300x225.jpeg\" data-width=\"300\" data-height=\"225\" aria-label=\"\" role=\"img\" ><\/div>\n\t\t\t\t\t\t\t\t\t\t\t<div class=\"elementor-gallery-item__overlay\"><\/div>\n\t\t\t\t\t\t\t\t\t\t\t\t\t\t<\/a>\n\t\t\t\t\t\t\t<a class=\"e-gallery-item elementor-gallery-item elementor-animated-content\" href=\"https:\/\/domainedelamance.fr\/wp-content\/uploads\/2026\/03\/roulotte-6-scaled.jpeg\" data-elementor-open-lightbox=\"yes\" data-elementor-lightbox-slideshow=\"8d7f615\" data-elementor-lightbox-title=\"roulotte (6)\" data-e-action-hash=\"#elementor-action%3Aaction%3Dlightbox%26settings%3DeyJpZCI6MTQ4MywidXJsIjoiaHR0cHM6XC9cL2RvbWFpbmVkZWxhbWFuY2UuZnJcL3dwLWNvbnRlbnRcL3VwbG9hZHNcLzIwMjZcLzAzXC9yb3Vsb3R0ZS02LXNjYWxlZC5qcGVnIiwic2xpZGVzaG93IjoiOGQ3ZjYxNSJ9\">\n\t\t\t\t\t<div class=\"e-gallery-image elementor-gallery-item__image\" data-thumbnail=\"https:\/\/domainedelamance.fr\/wp-content\/uploads\/2026\/03\/roulotte-6-225x300.jpeg\" data-width=\"225\" data-height=\"300\" aria-label=\"\" role=\"img\" ><\/div>\n\t\t\t\t\t\t\t\t\t\t\t<div class=\"elementor-gallery-item__overlay\"><\/div>\n\t\t\t\t\t\t\t\t\t\t\t\t\t\t<\/a>\n\t\t\t\t\t\t\t<a class=\"e-gallery-item elementor-gallery-item elementor-animated-content\" href=\"https:\/\/domainedelamance.fr\/wp-content\/uploads\/2026\/03\/roulotte-7-scaled.jpeg\" data-elementor-open-lightbox=\"yes\" data-elementor-lightbox-slideshow=\"8d7f615\" data-elementor-lightbox-title=\"roulotte (7)\" data-e-action-hash=\"#elementor-action%3Aaction%3Dlightbox%26settings%3DeyJpZCI6MTQ4NCwidXJsIjoiaHR0cHM6XC9cL2RvbWFpbmVkZWxhbWFuY2UuZnJcL3dwLWNvbnRlbnRcL3VwbG9hZHNcLzIwMjZcLzAzXC9yb3Vsb3R0ZS03LXNjYWxlZC5qcGVnIiwic2xpZGVzaG93IjoiOGQ3ZjYxNSJ9\">\n\t\t\t\t\t<div class=\"e-gallery-image elementor-gallery-item__image\" data-thumbnail=\"https:\/\/domainedelamance.fr\/wp-content\/uploads\/2026\/03\/roulotte-7-225x300.jpeg\" data-width=\"225\" data-height=\"300\" aria-label=\"\" role=\"img\" ><\/div>\n\t\t\t\t\t\t\t\t\t\t\t<div class=\"elementor-gallery-item__overlay\"><\/div>\n\t\t\t\t\t\t\t\t\t\t\t\t\t\t<\/a>\n\t\t\t\t\t\t\t<a class=\"e-gallery-item elementor-gallery-item elementor-animated-content\" href=\"https:\/\/domainedelamance.fr\/wp-content\/uploads\/2026\/03\/roulotte-8-scaled.jpeg\" data-elementor-open-lightbox=\"yes\" data-elementor-lightbox-slideshow=\"8d7f615\" data-elementor-lightbox-title=\"roulotte (8)\" data-e-action-hash=\"#elementor-action%3Aaction%3Dlightbox%26settings%3DeyJpZCI6MTQ4NSwidXJsIjoiaHR0cHM6XC9cL2RvbWFpbmVkZWxhbWFuY2UuZnJcL3dwLWNvbnRlbnRcL3VwbG9hZHNcLzIwMjZcLzAzXC9yb3Vsb3R0ZS04LXNjYWxlZC5qcGVnIiwic2xpZGVzaG93IjoiOGQ3ZjYxNSJ9\">\n\t\t\t\t\t<div class=\"e-gallery-image elementor-gallery-item__image\" data-thumbnail=\"https:\/\/domainedelamance.fr\/wp-content\/uploads\/2026\/03\/roulotte-8-225x300.jpeg\" data-width=\"225\" data-height=\"300\" aria-label=\"\" role=\"img\" ><\/div>\n\t\t\t\t\t\t\t\t\t\t\t<div class=\"elementor-gallery-item__overlay\"><\/div>\n\t\t\t\t\t\t\t\t\t\t\t\t\t\t<\/a>\n\t\t\t\t\t\t\t<a class=\"e-gallery-item elementor-gallery-item elementor-animated-content\" href=\"https:\/\/domainedelamance.fr\/wp-content\/uploads\/2026\/03\/roulotte-9-scaled.jpeg\" data-elementor-open-lightbox=\"yes\" data-elementor-lightbox-slideshow=\"8d7f615\" data-elementor-lightbox-title=\"roulotte (9)\" data-e-action-hash=\"#elementor-action%3Aaction%3Dlightbox%26settings%3DeyJpZCI6MTQ4NiwidXJsIjoiaHR0cHM6XC9cL2RvbWFpbmVkZWxhbWFuY2UuZnJcL3dwLWNvbnRlbnRcL3VwbG9hZHNcLzIwMjZcLzAzXC9yb3Vsb3R0ZS05LXNjYWxlZC5qcGVnIiwic2xpZGVzaG93IjoiOGQ3ZjYxNSJ9\">\n\t\t\t\t\t<div class=\"e-gallery-image elementor-gallery-item__image\" data-thumbnail=\"https:\/\/domainedelamance.fr\/wp-content\/uploads\/2026\/03\/roulotte-9-225x300.jpeg\" data-width=\"225\" data-height=\"300\" aria-label=\"\" role=\"img\" ><\/div>\n\t\t\t\t\t\t\t\t\t\t\t<div class=\"elementor-gallery-item__overlay\"><\/div>\n\t\t\t\t\t\t\t\t\t\t\t\t\t\t<\/a>\n\t\t\t\t\t\t\t<a class=\"e-gallery-item elementor-gallery-item elementor-animated-content\" href=\"https:\/\/domainedelamance.fr\/wp-content\/uploads\/2026\/03\/roulotte-1-scaled.jpg\" data-elementor-open-lightbox=\"yes\" data-elementor-lightbox-slideshow=\"8d7f615\" data-elementor-lightbox-title=\"roulotte (1)\" data-e-action-hash=\"#elementor-action%3Aaction%3Dlightbox%26settings%3DeyJpZCI6MTQ4OCwidXJsIjoiaHR0cHM6XC9cL2RvbWFpbmVkZWxhbWFuY2UuZnJcL3dwLWNvbnRlbnRcL3VwbG9hZHNcLzIwMjZcLzAzXC9yb3Vsb3R0ZS0xLXNjYWxlZC5qcGciLCJzbGlkZXNob3ciOiI4ZDdmNjE1In0%3D\">\n\t\t\t\t\t<div class=\"e-gallery-image elementor-gallery-item__image\" data-thumbnail=\"https:\/\/domainedelamance.fr\/wp-content\/uploads\/2026\/03\/roulotte-1-225x300.jpg\" data-width=\"225\" data-height=\"300\" aria-label=\"\" role=\"img\" ><\/div>\n\t\t\t\t\t\t\t\t\t\t\t<div class=\"elementor-gallery-item__overlay\"><\/div>\n\t\t\t\t\t\t\t\t\t\t\t\t\t\t<\/a>\n\t\t\t\t\t<\/div>\n\t\t\t\t\t<\/div>\n\t\t\t\t\t<\/div>\n\t\t\t\t<\/div>\n\t\t\t\t<\/div>","protected":false},"excerpt":{"rendered":"<p>\u00dcbernachten Sie in einem ungew\u00f6hnlichen Zigeunerwagen im Domaine de la Mance in der Haute-Sa\u00f4ne. Gem\u00fctliche Unterkunft mit nordischem Bad, Fr\u00fchst\u00fcck inklusive und Naturaufenthalt in Burgund-Franche-Comt\u00e9.<\/p>","protected":false},"author":1,"featured_media":0,"parent":0,"menu_order":0,"comment_status":"closed","ping_status":"closed","template":"elementor_header_footer","meta":{"footnotes":""},"class_list":["post-1467","page","type-page","status-publish","hentry"],"_links":{"self":[{"href":"https:\/\/domainedelamance.fr\/de\/wp-json\/wp\/v2\/pages\/1467","targetHints":{"allow":["GET"]}}],"collection":[{"href":"https:\/\/domainedelamance.fr\/de\/wp-json\/wp\/v2\/pages"}],"about":[{"href":"https:\/\/domainedelamance.fr\/de\/wp-json\/wp\/v2\/types\/page"}],"author":[{"embeddable":true,"href":"https:\/\/domainedelamance.fr\/de\/wp-json\/wp\/v2\/users\/1"}],"replies":[{"embeddable":true,"href":"https:\/\/domainedelamance.fr\/de\/wp-json\/wp\/v2\/comments?post=1467"}],"version-history":[{"count":5,"href":"https:\/\/domainedelamance.fr\/de\/wp-json\/wp\/v2\/pages\/1467\/revisions"}],"predecessor-version":[{"id":1781,"href":"https:\/\/domainedelamance.fr\/de\/wp-json\/wp\/v2\/pages\/1467\/revisions\/1781"}],"wp:attachment":[{"href":"https:\/\/domainedelamance.fr\/de\/wp-json\/wp\/v2\/media?parent=1467"}],"curies":[{"name":"wp","href":"https:\/\/api.w.org\/{rel}","templated":true}]}}