{"id":1645,"date":"2026-03-24T17:35:57","date_gmt":"2026-03-24T16:35:57","guid":{"rendered":"https:\/\/domainedelamance.fr\/?page_id=1645"},"modified":"2026-04-14T10:47:38","modified_gmt":"2026-04-14T08:47:38","slug":"allgemeine-verkaufsbedingungen","status":"publish","type":"page","link":"https:\/\/domainedelamance.fr\/de\/conditions-generales-de-vente\/","title":{"rendered":"Allgemeine Gesch\u00e4ftsbedingungen"},"content":{"rendered":"<div data-elementor-type=\"wp-page\" data-elementor-id=\"1645\" class=\"elementor elementor-1645\" data-elementor-post-type=\"page\">\n\t\t\t\t<div class=\"elementor-element elementor-element-1bc73dc e-flex e-con-boxed e-con e-parent\" data-id=\"1bc73dc\" data-element_type=\"container\" data-e-type=\"container\" data-settings=\"{&quot;background_background&quot;:&quot;classic&quot;}\">\n\t\t\t\t\t<div class=\"e-con-inner\">\n\t\t\t\t<div class=\"elementor-element elementor-element-c1197f4 elementor-widget elementor-widget-image\" data-id=\"c1197f4\" data-element_type=\"widget\" data-e-type=\"widget\" data-widget_type=\"image.default\">\n\t\t\t\t\t\t\t\t\t\t\t\t\t\t\t<img fetchpriority=\"high\" decoding=\"async\" width=\"280\" height=\"300\" src=\"https:\/\/domainedelamance.fr\/wp-content\/uploads\/2026\/03\/picto-blanc-280x300.png\" class=\"attachment-medium size-medium wp-image-1291\" alt=\"- Domaine de la Mance\" srcset=\"https:\/\/domainedelamance.fr\/wp-content\/uploads\/2026\/03\/picto-blanc-280x300.png 280w, https:\/\/domainedelamance.fr\/wp-content\/uploads\/2026\/03\/picto-blanc-scaled-600x644.png 600w, https:\/\/domainedelamance.fr\/wp-content\/uploads\/2026\/03\/picto-blanc-954x1024.png 954w, https:\/\/domainedelamance.fr\/wp-content\/uploads\/2026\/03\/picto-blanc-768x824.png 768w\" sizes=\"(max-width: 280px) 100vw, 280px\" title=\"- Domaine de la Mance\">\t\t\t\t\t\t\t\t\t\t\t\t\t\t\t<\/div>\n\t\t\t\t\t<\/div>\n\t\t\t\t<\/div>\n\t\t<div class=\"elementor-element elementor-element-39955d2 e-flex e-con-boxed e-con e-parent\" data-id=\"39955d2\" data-element_type=\"container\" data-e-type=\"container\">\n\t\t\t\t\t<div class=\"e-con-inner\">\n\t\t\t\t<div class=\"elementor-element elementor-element-82153b1 elementor-widget elementor-widget-text-editor\" data-id=\"82153b1\" data-element_type=\"widget\" data-e-type=\"widget\" data-widget_type=\"text-editor.default\">\n\t\t\t\t\t\t\t\t\t<h2>Objekt<\/h2>\n<p>Diese Allgemeinen Verkaufsbedingungen gelten ausschlie\u00dflich f\u00fcr Buchungen, die auf der Website www.domaindedelamance.fr get\u00e4tigt werden.<\/p>\n<p>Das Domaine de la Mance besteht aus 3 Unterk\u00fcnften auf zwei Grundst\u00fccken:<\/p>\n<ul>\n<li><strong>Das H\u00e4uschen<\/strong> und <strong>Der Wohnwagen<\/strong> au 22 rue Ang\u00e8le Kiche, 70500 Vitrey-sur-Mance<\/li>\n<li><strong>Das Ferienhaus<\/strong> au 17 rue Lavaux, 70500 Vitrey-sur-Mance<\/li>\n<\/ul>\n<h2>Preise und Buchungen<\/h2>\n<p>Die Preise sind in Euro angegeben und k\u00f6nnen sich \u00e4ndern. Eine Kurtaxe sowie eine zus\u00e4tzliche D\u00e9partementsabgabe sind obligatorisch. Ihre H\u00f6he variiert je nach Unterkunft, Anzahl der vollj\u00e4hrigen Personen und Anzahl der N\u00e4chte.<\/p>\n<p>Bei der Buchung ist eine Anzahlung von 50 % des Gesamtbetrags zu leisten. Der Restbetrag ist vor der Ankunft oder vor Ort zu begleichen. Wir behalten uns das Recht vor, eine Buchung bei Nichtzahlung oder Nichteinhaltung der Regeln abzulehnen.<\/p>\n<h2>Der Preis pro Nacht beinhaltet<\/h2>\n<p><strong>Ferienhaus<\/strong> die Miete der Unterkunft, die Nebenkosten (Wasser, Strom, Heizung), die Haushaltsw\u00e4sche (bei Ankunft bezogene Betten), die Handt\u00fccher, der uneingeschr\u00e4nkte Zugang zum privaten skandinavischen Bad, die K\u00fcchenw\u00e4sche.<\/p>\n<p>Die Reinigungskosten sind obligatorisch und werden automatisch zum Preis Ihres Aufenthalts hinzuaddiert.<\/p>\n<p><strong>H\u00e4uschen<\/strong> die Unterkunftmiete, die Nebenkosten (Wasser, Strom, Heizung), die Haushaltsw\u00e4sche (Betten bei Ankunft bezogen), die Handt\u00fccher, die K\u00fcchent\u00fccher.<\/p>\n<p><strong>Wohnwagen<\/strong> die Miete der Unterkunft, die Nebenkosten (Wasser, Strom, Heizung), die Bettw\u00e4sche (Betten bei Ankunft gemacht), das Fr\u00fchst\u00fcck, die Handt\u00fccher, die K\u00fcchent\u00fccher.<\/p>\n<h2>Optionale Leistungen<\/h2>\n<p><strong>Nordische Badewanne<\/strong> f\u00fcr Aufenthalte in <strong>H\u00e4uschen<\/strong> oder <strong>Wohnwagen<\/strong> einschlie\u00dflich <strong>Ferienwohnung<\/strong>).<\/p>\n<p>Wenn Sie die Nordbadewanne nutzen m\u00f6chten, teilen Sie uns dies bitte vorzugsweise bei Ihrer Buchung, sp\u00e4testens jedoch 24 Stunden vor Ihrer Ankunft mit.<\/p>\n<p>Wir k\u00fcmmern uns um die Vorbereitung des Bades und das Aufheizen des Wassers f\u00fcr die erste Nutzung. Sobald das Bad auf Temperatur ist, haben Sie unbegrenzten Zugang. Das Bad steht Ihnen exklusiv zur Verf\u00fcgung. Badem\u00e4ntel f\u00fcr das Nordik Bad werden zur Verf\u00fcgung gestellt.<\/p>\n<p>Die zus\u00e4tzlichen Kosten f\u00fcr die Nutzung des Nordik-Bades betragen:<\/p>\n<ul>\n<li>60 \u20ac f\u00fcr den ersten Abend<\/li>\n<li>30 \u20ac f\u00fcr die Nutzung am n\u00e4chsten Tag, wenn der Aufenthalt l\u00e4nger als eine Nacht dauert<\/li>\n<\/ul>\n<div><br><\/div>\n<p>Achtung: Der Tarif von 30 \u20ac gilt nur f\u00fcr aufeinanderfolgende Tage. Bei einer L\u00fccke von einem oder mehreren Tagen gilt der Preis von 60 \u20ac.<\/p>\n<p>Das Nordic-Spa wird schwangeren Frauen nicht empfohlen. Es ist f\u00fcr Personen mit Infektionskrankheiten, Hautkrankheiten, Fettleibigkeit oder Diabetes verboten. Wenn Sie an einer Herz-Kreislauf-Erkrankung leiden oder Medikamente einnehmen, die Schl\u00e4frigkeit verursachen, holen Sie die Genehmigung Ihres Arztes ein.<\/p>\n<p>Kinder m\u00fcssen immer von einem Erwachsenen begleitet werden. Das Mindestalter f\u00fcr den Zugang zum Nordik-Bad wird mit 6 Jahren empfohlen.<\/p>\n<p>Der Eigent\u00fcmer lehnt jede Haftung f\u00fcr die Nichteinhaltung dieser Regeln ab.<\/p>\n<p><strong>Fr\u00fchst\u00fcck<\/strong> f\u00fcr Aufenthalte in <strong>H\u00e4uschen<\/strong> einschlie\u00dflich <strong>Wohnwagen<\/strong>).<\/p>\n<p>Das Fr\u00fchst\u00fcck muss bei Ihrer Buchung und sp\u00e4testens bei Ihrer Ankunft bestellt werden. Die Servicezeit wird bei Ihrer Ankunft gemeinsam festgelegt.<\/p>\n<h2>\u00c4nderung oder Stornierung des Aufenthalts durch den Kunden<\/h2>\n<p>F\u00fcr jede \u00c4nderung oder Stornierung wird grunds\u00e4tzlich eine schriftliche Anfrage, vorzugsweise per E-Mail, von Ihnen verlangt.<\/p>\n<p>Wir sind eine kleine Struktur und Stornierungen beeintr\u00e4chtigen uns. Dennoch verstehen wir, dass bestimmte Umst\u00e4nde Sie dazu zwingen k\u00f6nnen, einen Aufenthalt zu stornieren.<\/p>\n<p><strong>F\u00fcr G\u00eete-Buchungen:<\/strong><\/p>\n<p>Die Anzahlung wird in voller H\u00f6he zur\u00fcckerstattet, wenn die Stornierung mindestens 60 Tage vor Beginn des Aufenthalts erfolgt. Bei einer Stornierung weniger als 60 Tage vor Beginn des Aufenthalts ist die Anzahlung nicht erstattungsf\u00e4hig.<\/p>\n<p>Im Falle einer vorzeitigen Beendigung des Aufenthalts ist der begonnene Aufenthalt in voller H\u00f6he zu bezahlen.<\/p>\n<p><strong>F\u00fcr Buchungen in den Kategorien Maisonnette und Wohnwagen:<\/strong><\/p>\n<p>Die Anzahlung wird bei einer Stornierung mindestens 14 Tage vor Beginn des Aufenthalts vollst\u00e4ndig zur\u00fcckerstattet. Bei einer Stornierung weniger als 14 Tage vor Beginn des Aufenthalts wird die Anzahlung nicht zur\u00fcckerstattet.<\/p>\n<p>Im Falle einer vorzeitigen Beendigung des Aufenthalts ist der begonnene Aufenthalt in voller H\u00f6he zu bezahlen.<\/p>\n<h2>\u00c4nderung oder Stornierung des Aufenthalts durch den Gastgeber<\/h2>\n<p>Im Falle angek\u00fcndigter externer Ereignisse, die au\u00dferhalb unserer Kontrolle liegen, wie z. B. widrige Wetterbedingungen (Sturm, Brand usw.) oder h\u00f6here Gewalt (Tod, Krankenhausaufenthalt, Ausfall einer unserer Unterk\u00fcnfte usw.), m\u00fcssen wir m\u00f6glicherweise Ihren Aufenthalt \u00e4ndern oder stornieren.<\/p>\n<p>Wir werden Ihnen dann, je nach Verf\u00fcgbarkeit, einen gleichwertigen Aufenthalt in einer anderen Unterkunft oder die Verschiebung Ihres Aufenthalts auf ein sp\u00e4teres Datum anbieten.<\/p>\n<p>Sollte dieses Angebot nicht zu Ihrer Zufriedenheit ausfallen, erhalten Sie die geleisteten Zahlungen vollst\u00e4ndig zur\u00fcck. Es kann kein weiterer Schadenersatz gefordert werden.<\/p>\n<p>Wir behalten uns das Recht vor, G\u00e4sten, die unter dem Einfluss von Bet\u00e4ubungsmitteln, Drogen oder Alkohol stehen, den Zutritt zu den Unterk\u00fcnften zu verweigern. In diesem Fall ist keine Erstattung m\u00f6glich.<\/p>\n<h2>Akzeptierte Zahlungsmittel<\/h2>\n<p>Wir akzeptieren Bargeld, Bank\u00fcberweisungen und Kreditkarten. Schecks werden nur f\u00fcr die Kaution oder ausnahmsweise f\u00fcr die Anzahlung akzeptiert.<\/p>\n<h2>Kapazit\u00e4t<\/h2>\n<p>Die Unterk\u00fcnfte haben eine maximale Kapazit\u00e4t von:<\/p>\n<ul>\n<li>10 Personen f\u00fcr die Unterkunft<\/li>\n<li>3 Personen f\u00fcr das H\u00e4uschen<\/li>\n<li>4 Personen f\u00fcr die Roulotte<\/li>\n<\/ul>\n<p>Wenn die Anzahl der Personen die vorgesehene Anzahl \u00fcberschreitet, k\u00f6nnen wir zus\u00e4tzliche G\u00e4ste aus Sicherheits- und Versicherungsgr\u00fcnden ablehnen.<\/p>\n<h2>Ank\u00fcnfte und Abfl\u00fcge<\/h2>\n<p>Die Ankunfts- und Abfahrtszeiten sind wie folgt:<\/p>\n<ul>\n<li><strong>In einer Ferienwohnung<\/strong> Anreise ab 17:00 Uhr bis 20:00 Uhr, Abreise bis 12:00 Uhr<\/li>\n<li><strong>In einem Maisonette:<\/strong> Ankunft zwischen 16:00 und 20:00 Uhr, Abreise bis 11:00 Uhr<\/li><li style=\"font-size: 16px;\"><span style=\"font-weight: bolder;\">Im Wohnwagen:<\/span>&nbsp;Ankunft zwischen 17:00 und 20:00 Uhr, Abreise bis 11:00 Uhr<\/li>\n<\/ul><div><br><\/div>\n<p>Bitte informieren Sie uns im Voraus, wann Sie voraussichtlich ankommen werden.<\/p>\n<p>Der Eigent\u00fcmer verpflichtet sich, die G\u00e4ste pers\u00f6nlich mit allen w\u00fcnschenswerten Aufmerksamkeiten zu empfangen, die Ihnen Ihren Aufenthalt und die Entdeckung der Region erleichtern.<\/p>\n<h2>Kaution<\/h2>\n<p>F\u00fcr Aufenthalte in Ferienh\u00e4usern wird bei der Ankunft eine Kaution in H\u00f6he von 500 \u20ac erhoben. Die Einl\u00f6sung der Kaution erfolgt, sofern keine Besch\u00e4digungen und keine Fehlmengen festgestellt werden, sp\u00e4testens 48 Stunden nach der Abreise. Ein Foto des zerrissenen Schecks wird Ihnen zugesendet.<\/p>\n<p>Die Einzahlung kann auf Anfrage auch per \u00dcberweisung erfolgen. Die Bedingungen und Fristen f\u00fcr die R\u00fcckerstattung sind dieselben wie bei Zahlung per Scheck.<\/p>\n<h2>Spezifische Bedingungen f\u00fcr G\u00eete-Buchungen<\/h2>\n<p>Aus Sicherheitsgr\u00fcnden ist die Benutzung des Kamins nicht gestattet.<\/p>\n<h2>Nordische Badewanne<\/h2>\n<p>Das Nordic-Spa ist eine gro\u00dfe Holzbadewanne, die im Freien mit Holzfeuer auf eine Temperatur von 37 bis 39\u00b0C erw\u00e4rmt wird. Es ist nicht mit D\u00fcsen ausgestattet.<\/p>\n<p>Die Nutzung des Badezimmers, des Holzes zur Beheizung und zus\u00e4tzlicher Handt\u00fccher sind im Preis inbegriffen.<\/p>\n<p>Wir k\u00fcmmern uns darum, das Bad f\u00fcr Ihre Ankunft zu heizen. Sie brauchen also nichts weiter zu tun, als es zu genie\u00dfen. Holz und alles Notwendige, um es am n\u00e4chsten Tag wieder anzuz\u00fcnden, werden bereitgestellt.<\/p>\n<p>Im Sommer wird das Bad bei Raumtemperatur belassen, damit Sie es tags\u00fcber zur Erfrischung nutzen k\u00f6nnen. Wir stellen Ihnen auch alles zur Verf\u00fcgung, was Sie zum Aufheizen ben\u00f6tigen, wenn Sie es w\u00fcnschen.<\/p>\n<p>Der Ofen ist sehr einfach zu bedienen und funktioniert wie ein Kamin. Wenn Sie Hilfe ben\u00f6tigen, z\u00f6gern Sie nicht, uns zu kontaktieren. Wir wohnen im selben Dorf.<\/p>\n<p>Einige Regeln bei der Benutzung der Outdoor-Badewanne:<\/p>\n<ul>\n<li>Duschen ist vor dem Betreten des Bades obligatorisch<\/li>\n<li>Keine Sonnencreme oder \u00d6l vor dem Baden auftragen<\/li>\n<li>Schminke, Cremes entfernen und die Haarfarbe so gut wie m\u00f6glich aussp\u00fclen<\/li>\n<li>Lange Haare m\u00fcssen zusammengebunden werden<\/li>\n<li>Wenn Sie gef\u00e4rbte Haare haben, stellen Sie sicher, dass sie nicht mit der Bettw\u00e4sche in Ber\u00fchrung kommen, wenn sie nass sind.<\/li>\n<li>Das nordische Bad ist kein Schwimmbecken, es dient zur Entspannung<\/li>\n<li>Es ist verboten, ins Bad zu springen, zu tauchen, zu spritzen, mit einem Ball zu spielen oder Wellen zu machen<\/li>\n<li>Das Bad darf nicht \u00fcber 40\u00b0C erhitzt werden.<\/li>\n<li>Kinder m\u00fcssen immer von einem Erwachsenen begleitet werden<\/li>\n<li>Das empfohlene Mindestalter f\u00fcr den Zugang zur finnischen Sauna ist 6 Jahre<\/li>\n<li>Ein gro\u00dfer Sonnenschirm steht Ihnen bei Bedarf zur Verf\u00fcgung. Bitte schlie\u00dfen Sie ihn nachts und bei starkem Wind.<\/li>\n<li>Bitte decken Sie die Badewanne nach Gebrauch ab<\/li>\n<\/ul>\n<p>Das nordische Bad wird schwangeren Frauen nicht empfohlen. Es ist verboten f\u00fcr Menschen mit Infektionskrankheiten, Hautkrankheiten, Fettleibigkeit oder Diabetes. Wenn Sie an einer Herz-Kreislauf-Erkrankung leiden oder Medikamente einnehmen, die Schl\u00e4frigkeit verursachen, holen Sie die Erlaubnis Ihres Arztes ein. Der Eigent\u00fcmer \u00fcbernimmt keine Haftung bei Nichteinhaltung dieser Regeln.<\/p>\n<h2>Zustandsprotokoll bei Auszug<\/h2>\n<p>Wir berechnen keine Reinigungskosten f\u00fcr Aufenthalte in unseren Maisonnettes und Zigeunerwagen. Die Reinigungskosten f\u00fcr Aufenthalte in unseren G\u00eetes beinhalten die Reinigung der B\u00f6den, sanit\u00e4ren Anlagen, das Abziehen der Betten sowie das Waschen und B\u00fcgeln aller w\u00e4hrend Ihres Aufenthalts verwendeten Haushaltsw\u00e4sche.<\/p>\n<p>Vielen Dank, dass Sie die Unterk\u00fcnfte sauber und ordentlich hinterlassen.<\/p>\n<p>Bevor Sie abreisen, tun Sie bitte Folgendes:<\/p>\n<ul>\n<li>Bringen Sie Ihren M\u00fcll aus den daf\u00fcr vorgesehenen Beh\u00e4ltern, nur in der Unterkunft<\/li>\n<li>Die K\u00fcche oder K\u00fcchenzeile aufr\u00e4umen. Die Haushaltsger\u00e4te (Backofen, Mikrowelle, Herdplatte, K\u00fchlschrank, Kaffeemaschine usw.) m\u00fcssen sauber zur\u00fcckgegeben werden.<\/li>\n<li>Geschirr sp\u00fclen und abtrocknen, trocken<\/li>\n<li>Den K\u00fchlschrank von Lebensmitteln, Getr\u00e4nken usw. leeren.<\/li>\n<li>Die schmutzigen Handt\u00fccher sammeln und sie auf dem Badezimmerboden liegen lassen<\/li>\n<li>Reinigen Sie den Grill, falls Sie ihn benutzt haben, und entsorgen Sie die Asche im daf\u00fcr vorgesehenen Metalleimer.<\/li>\n<\/ul>\n<p>Die Nichteinhaltung dieser Anweisungen f\u00fchrt zu zus\u00e4tzlichen Reinigungskosten.<\/p>\n<ul>\n<li>30 \u20ac f\u00fcr das H\u00e4uschen und der Wohnwagen<\/li>\n<li>60 \u20ac f\u00fcr die Ferienwohnung<\/li>\n<\/ul>\n<h2>Sch\u00e4den und Br\u00fcche<\/h2>\n<p>Vielen Dank, dass Sie unsere Unterk\u00fcnfte, deren Ausstattung und Au\u00dfenbereiche w\u00e4hrend Ihres Aufenthalts respektieren. Wir bitten Sie, uns \u00fcber Sch\u00e4den oder Br\u00fcche w\u00e4hrend Ihres Aufenthalts zu informieren und die R\u00e4umlichkeiten in gutem Zustand zu hinterlassen.<\/p>\n<h2>Tiere<\/h2>\n<p>Haustiere sind in einigen unserer Unterk\u00fcnfte erlaubt. Wenn Sie planen, mit einem oder mehreren Haustieren anzureisen, stellen Sie bitte sicher, dass diese in der von Ihnen gew\u00e4hlten Unterkunft akzeptiert werden.<\/p>\n<p><strong>Ferienhaus<\/strong> Maximal 2 Hunde pro Aufenthalt mit einem Aufpreis von 10 \u20ac\/Tier\/Tag. Wenn Ihr Haustier\/Ihre Haustiere nicht bei der Online-Buchung hinzugef\u00fcgt wurden und Sie mit ihnen anreisen, sind die zus\u00e4tzlichen Geb\u00fchren vor Ort zu entrichten. Sie sind nicht auf Betten und Sofas erlaubt. Sie d\u00fcrfen nicht allein im Haus gelassen werden. Sie d\u00fcrfen keine Bel\u00e4stigung f\u00fcr die Nachbarschaft verursachen. Kot soll aufgesammelt werden.<\/p>\n<p><strong>H\u00e4uschen<\/strong> Ein kleiner Hund ist gegen einen Aufpreis von 10 \u20ac\/Tag erlaubt. Wenn das Tier nicht bei der Online-Buchung hinzugef\u00fcgt wurde und Sie es mitbringen, sind die zus\u00e4tzlichen Geb\u00fchren vor Ort zu entrichten. Es ist weder auf dem Bett noch auf dem Sofa erlaubt. Aufgrund der Anwesenheit anderer Reisender und Tiere bitten wir Sie, Ihren Hund im Garten an der Leine zu halten. Bitte f\u00fchren Sie Ihren Hund au\u00dferhalb des Grundst\u00fccks aus. Kot muss beseitigt werden.<\/p>\n<p><strong>Wohnwagen<\/strong> Haustiere sind nicht erlaubt.<\/p>\n<h2>Parken<\/h2>\n<p>Ein privater und kostenloser Parkplatz steht unseren G\u00e4sten zur Verf\u00fcgung. Die Autos werden dort auf eigene Gefahr abgestellt.<\/p>\n<h2>Wertsachen<\/h2>\n<p>Es wird empfohlen, keine Wertgegenst\u00e4nde in den Unterk\u00fcnften zu belassen. Im Falle von Verlust oder Diebstahl k\u00f6nnen wir unter keinen Umst\u00e4nden haftbar gemacht werden.<\/p>\n<h2>Nichtraucher<\/h2>\n<p>Zum Komfort und zur Sicherheit aller sind alle unsere Unterk\u00fcnfte Nichtraucherunterk\u00fcnfte. Sie d\u00fcrfen drau\u00dfen mit gr\u00f6\u00dfter Sorgfalt rauchen, vorausgesetzt, dass keine Zigarettenkippen in der Natur zur\u00fcckgelassen werden.<\/p>\n<p>Bei Nichtbeachtung des Rauchverbots in den Unterk\u00fcnften wird eine Strafe von 300 \u20ac erhoben.<\/p>\n<h2>Gutscheinkauf<\/h2>\n<p>Der Geschenkgutschein ist 1 Jahr ab Kaufdatum g\u00fcltig.<\/p>\n<p>Der Bon wird im PDF-Format an die bei der Bestellung angegebene E-Mail-Adresse gesendet.<\/p>\n<p>Der Beschenkte kann den Gutschein mit dem darauf vermerkten einzigartigen Code einl\u00f6sen. Er kann die Unterkunft und das Datum seiner Wahl nach Verf\u00fcgbarkeit ausw\u00e4hlen. Dazu muss er lediglich unsere Website besuchen, eine Reservierung vornehmen und den Gutscheincode w\u00e4hrend des Bezahlvorgangs hinzuf\u00fcgen. Der Gutscheinbetrag wird automatisch ber\u00fccksichtigt und vom Endbetrag abgezogen.<\/p>\n<p>Sollte der Wert des Geschenkgutscheins die Buchungskosten nicht vollst\u00e4ndig abdecken, ist der Restbetrag vor Ort zu begleichen. Eine R\u00fcckerstattung erfolgt nicht, wenn die Buchungskosten niedriger sind als der Gutscheinwert.<\/p>\n<p>Der Geschenkgutschein ist weder \u00fcbertragbar noch erstattbar.<\/p>\n<p>Falls der gew\u00e4hlte Termin abgesagt wird, aus welchem Grund auch immer, und die Absage sp\u00e4testens 30 Tage vor der Anreise erfolgt, ist es m\u00f6glich, den Gutschein auf ein sp\u00e4teres Datum zu verschieben, vorausgesetzt, dessen G\u00fcltigkeit wird nicht \u00fcberschritten. Andernfalls, wenn die Absage zwischen 0 und 30 Tagen vor der Anreise erfolgt, verf\u00e4llt der Gutschein.<\/p>\n<h2>Anwendbares Recht und Streitigkeiten<\/h2>\n<p>Diese Allgemeinen Gesch\u00e4ftsbedingungen unterliegen franz\u00f6sischem Recht. Streitigkeiten werden nach den allgemeinen gesetzlichen Bestimmungen den zust\u00e4ndigen Gerichten unterbreitet.<\/p>\n<h2>Informatik und Freiheiten<\/h2>\n<p>Entsprechend dem Gesetz Nr. 78-17 vom 6. Januar 1978 \u00fcber Informatik, Dateien und Freiheiten wurde die Website bei der CNIL (Erkl\u00e4rungsnummer 1859395 v 0) angemeldet.<\/p>\n<p>Die personenbezogenen Daten, die Sie uns anvertrauen, werden ausschlie\u00dflich zur Abwicklung von Buchungen verwendet und werden ohne Ihre vorherige Zustimmung nicht an Dritte weitergegeben.<\/p>\n<p>Sie haben ein Widerspruchsrecht, ein Recht auf Auskunft und ein Recht auf Berichtigung der Sie betreffenden Informationen. Diese Rechte k\u00f6nnen direkt per Post ausge\u00fcbt werden, die an <strong>SARL SAN MARTIN, 17 rue Lavaux, 70500 Vitrey-sur-Mance.<\/strong><\/p>\n<h2>Verantwortlichkeiten<\/h2>\n<p>Die auf der Website dargestellten Fotos und Texte sind nicht vertragsbindend, auch wenn sie der Realit\u00e4t unserer Unterk\u00fcnfte so nahe wie m\u00f6glich kommen.<\/p>\n<p>Wir k\u00f6nnen nicht haftbar gemacht werden f\u00fcr die Nichterf\u00fcllung oder mangelhafte Erf\u00fcllung der Buchung aufgrund h\u00f6herer Gewalt, des Verschuldens des Kunden oder eines externen Ereignisses wie einem nicht verf\u00fcgbaren Internetnetzwerk, einem Virus oder der Nichtsynchronisation von Kalendern auf verschiedenen Plattformen.<\/p>\n<h2>Reklamationen<\/h2>\n<p>Reklamationen bez\u00fcglich eines Aufenthalts sind innerhalb von 10 Tagen nach dem Aufenthalt per Einschreiben mit R\u00fcckschein an folgende Adresse zu richten:<\/p>\n<p><strong>SARL SAN MARTIN<br>17 Rue Lavaux<br>70500 Vitrey-sur-Mance<\/strong><\/p>\t\t\t\t\t\t\t\t<\/div>\n\t\t\t\t\t<\/div>\n\t\t\t\t<\/div>\n\t\t\t\t<\/div>","protected":false},"excerpt":{"rendered":"<p>Objet Les pr\u00e9sentes conditions g\u00e9n\u00e9rales de vente sont r\u00e9serv\u00e9es exclusivement aux r\u00e9servations effectu\u00e9es sur le site www.domaindedelamance.fr. Le Domaine de la Mance est compos\u00e9 de 3 logements situ\u00e9s sur deux parcelles : La Maisonnette et La Roulotte au 22 rue Ang\u00e8le Kiche, 70500 Vitrey-sur-Mance Le G\u00eete au 17 rue Lavaux, 70500 Vitrey-sur-Mance Tarifs et r\u00e9servations [&hellip;]<\/p>\n","protected":false},"author":1,"featured_media":0,"parent":0,"menu_order":0,"comment_status":"closed","ping_status":"closed","template":"elementor_header_footer","meta":{"footnotes":""},"class_list":["post-1645","page","type-page","status-publish","hentry"],"_links":{"self":[{"href":"https:\/\/domainedelamance.fr\/de\/wp-json\/wp\/v2\/pages\/1645","targetHints":{"allow":["GET"]}}],"collection":[{"href":"https:\/\/domainedelamance.fr\/de\/wp-json\/wp\/v2\/pages"}],"about":[{"href":"https:\/\/domainedelamance.fr\/de\/wp-json\/wp\/v2\/types\/page"}],"author":[{"embeddable":true,"href":"https:\/\/domainedelamance.fr\/de\/wp-json\/wp\/v2\/users\/1"}],"replies":[{"embeddable":true,"href":"https:\/\/domainedelamance.fr\/de\/wp-json\/wp\/v2\/comments?post=1645"}],"version-history":[{"count":5,"href":"https:\/\/domainedelamance.fr\/de\/wp-json\/wp\/v2\/pages\/1645\/revisions"}],"predecessor-version":[{"id":1778,"href":"https:\/\/domainedelamance.fr\/de\/wp-json\/wp\/v2\/pages\/1645\/revisions\/1778"}],"wp:attachment":[{"href":"https:\/\/domainedelamance.fr\/de\/wp-json\/wp\/v2\/media?parent=1645"}],"curies":[{"name":"wp","href":"https:\/\/api.w.org\/{rel}","templated":true}]}}